{"id":10113,"date":"2015-10-13T07:59:23","date_gmt":"2015-10-13T07:59:23","guid":{"rendered":"http:\/\/localhost\/~kharissulistiyo\/wpwp\/dev\/4.3\/?post_type=product&#038;p=10113"},"modified":"2024-04-12T18:09:58","modified_gmt":"2024-04-12T18:09:58","slug":"touareg-tt-options-diesel-boite-automatique","status":"publish","type":"product","link":"https:\/\/benkiautoluxurycar.com\/en\/product\/touareg-tt-options-diesel-boite-automatique\/","title":{"rendered":"Touareg tout options Diesel"},"content":{"rendered":"<p>\u00ab\u00a0Plongez dans le luxe avec la Volkswagen Touareg tout options Diesel. Con\u00e7ue pour offrir une exp\u00e9rience de conduite premium, cette SUV combine \u00e9l\u00e9gance, confort et performances exceptionnelles. Avec toutes les options disponibles, elle vous promet un voyage sans compromis, o\u00f9 le confort rencontre la puissance. Louez d\u00e8s maintenant la Touareg et vivez une exp\u00e9rience de conduite de classe mondiale.\u00a0\u00bb<\/p>","protected":false},"excerpt":{"rendered":"<p>\u00ab\u00a0Plongez dans le luxe avec la Volkswagen Touareg tout options Diesel. Con\u00e7ue pour offrir une exp\u00e9rience de conduite premium, cette SUV combine \u00e9l\u00e9gance, confort et performances exceptionnelles. Avec toutes les options &#8230;<\/p>","protected":false},"featured_media":11920,"comment_status":"open","ping_status":"closed","template":"","meta":[],"product_cat":[159],"product_tag":[163],"_links":{"self":[{"href":"https:\/\/benkiautoluxurycar.com\/en\/wp-json\/wp\/v2\/product\/10113"}],"collection":[{"href":"https:\/\/benkiautoluxurycar.com\/en\/wp-json\/wp\/v2\/product"}],"about":[{"href":"https:\/\/benkiautoluxurycar.com\/en\/wp-json\/wp\/v2\/types\/product"}],"replies":[{"embeddable":true,"href":"https:\/\/benkiautoluxurycar.com\/en\/wp-json\/wp\/v2\/comments?post=10113"}],"wp:featuredmedia":[{"embeddable":true,"href":"https:\/\/benkiautoluxurycar.com\/en\/wp-json\/wp\/v2\/media\/11920"}],"wp:attachment":[{"href":"https:\/\/benkiautoluxurycar.com\/en\/wp-json\/wp\/v2\/media?parent=10113"}],"wp:term":[{"taxonomy":"product_cat","embeddable":true,"href":"https:\/\/benkiautoluxurycar.com\/en\/wp-json\/wp\/v2\/product_cat?post=10113"},{"taxonomy":"product_tag","embeddable":true,"href":"https:\/\/benkiautoluxurycar.com\/en\/wp-json\/wp\/v2\/product_tag?post=10113"}],"curies":[{"name":"wp","href":"https:\/\/api.w.org\/{rel}","templated":true}]}}