{"id":10116,"date":"2015-10-13T08:00:02","date_gmt":"2015-10-13T08:00:02","guid":{"rendered":"http:\/\/localhost\/~kharissulistiyo\/wpwp\/dev\/4.3\/?post_type=product&#038;p=10116"},"modified":"2024-04-12T18:17:36","modified_gmt":"2024-04-12T18:17:36","slug":"volsvaguen-t-roc-diesel-tt-options-automatique","status":"publish","type":"product","link":"https:\/\/benkiautoluxurycar.com\/en\/product\/volsvaguen-t-roc-diesel-tt-options-automatique\/","title":{"rendered":"T Roc diesel tout options"},"content":{"rendered":"<p>\u00ab\u00a0D\u00e9couvrez la Volkswagen T ROC &#8211; le parfait mariage entre \u00e9l\u00e9gance, polyvalence et performance. Avec son design audacieux et ses lignes dynamiques, la T ROC attire tous les regards sur la route. Dot\u00e9e de technologies de pointe et d&rsquo;un int\u00e9rieur spacieux, elle offre un confort exceptionnel \u00e0 chaque trajet. Que ce soit pour une escapade urbaine ou une aventure en plein air, la T ROC vous offre une exp\u00e9rience de conduite incomparable. Louez d\u00e8s maintenant votre T ROC et partez \u00e0 la d\u00e9couverte de nouveaux horizons en toute confiance.\u00a0\u00bb<\/p>","protected":false},"excerpt":{"rendered":"<p>\u00ab\u00a0D\u00e9couvrez la Volkswagen T ROC &#8211; le parfait mariage entre \u00e9l\u00e9gance, polyvalence et performance. Avec son design audacieux et ses lignes dynamiques, la T ROC attire tous les regards sur la route. Dot\u00e9e de &#8230;<\/p>","protected":false},"featured_media":11933,"comment_status":"open","ping_status":"closed","template":"","meta":[],"product_cat":[159],"product_tag":[163],"_links":{"self":[{"href":"https:\/\/benkiautoluxurycar.com\/en\/wp-json\/wp\/v2\/product\/10116"}],"collection":[{"href":"https:\/\/benkiautoluxurycar.com\/en\/wp-json\/wp\/v2\/product"}],"about":[{"href":"https:\/\/benkiautoluxurycar.com\/en\/wp-json\/wp\/v2\/types\/product"}],"replies":[{"embeddable":true,"href":"https:\/\/benkiautoluxurycar.com\/en\/wp-json\/wp\/v2\/comments?post=10116"}],"wp:featuredmedia":[{"embeddable":true,"href":"https:\/\/benkiautoluxurycar.com\/en\/wp-json\/wp\/v2\/media\/11933"}],"wp:attachment":[{"href":"https:\/\/benkiautoluxurycar.com\/en\/wp-json\/wp\/v2\/media?parent=10116"}],"wp:term":[{"taxonomy":"product_cat","embeddable":true,"href":"https:\/\/benkiautoluxurycar.com\/en\/wp-json\/wp\/v2\/product_cat?post=10116"},{"taxonomy":"product_tag","embeddable":true,"href":"https:\/\/benkiautoluxurycar.com\/en\/wp-json\/wp\/v2\/product_tag?post=10116"}],"curies":[{"name":"wp","href":"https:\/\/api.w.org\/{rel}","templated":true}]}}