{"id":10119,"date":"2015-10-13T08:00:06","date_gmt":"2015-10-13T08:00:06","guid":{"rendered":"http:\/\/localhost\/~kharissulistiyo\/wpwp\/dev\/4.3\/?post_type=product&#038;p=10119"},"modified":"2024-04-23T09:23:15","modified_gmt":"2024-04-23T09:23:15","slug":"hyndai-tucson-diesel","status":"publish","type":"product","link":"https:\/\/benkiautoluxurycar.com\/en\/product\/hyndai-tucson-diesel\/","title":{"rendered":"Hyndai Tucson Diesel"},"content":{"rendered":"<p>\u00ab\u00a0Explorez la Hyundai Tucson Diesel : un SUV polyvalent et \u00e9co\u00e9nerg\u00e9tique qui allie confort et performance. Dot\u00e9e d&rsquo;une conception \u00e9l\u00e9gante et de fonctionnalit\u00e9s de pointe, la Tucson Diesel offre une conduite fluide sur route et hors route. Louez-la d\u00e8s maintenant pour une exp\u00e9rience de conduite sophistiqu\u00e9e et fiable, o\u00f9 que vous alliez.\u00a0\u00bb<\/p>","protected":false},"excerpt":{"rendered":"<p>\u00ab\u00a0Explorez la Hyundai Tucson Diesel : un SUV polyvalent et \u00e9co\u00e9nerg\u00e9tique qui allie confort et performance. Dot\u00e9e d&rsquo;une conception \u00e9l\u00e9gante et de fonctionnalit\u00e9s de pointe, la Tucson Diesel offre une conduite &#8230;<\/p>","protected":false},"featured_media":11931,"comment_status":"open","ping_status":"closed","template":"","meta":[],"product_cat":[149],"product_tag":[163],"_links":{"self":[{"href":"https:\/\/benkiautoluxurycar.com\/en\/wp-json\/wp\/v2\/product\/10119"}],"collection":[{"href":"https:\/\/benkiautoluxurycar.com\/en\/wp-json\/wp\/v2\/product"}],"about":[{"href":"https:\/\/benkiautoluxurycar.com\/en\/wp-json\/wp\/v2\/types\/product"}],"replies":[{"embeddable":true,"href":"https:\/\/benkiautoluxurycar.com\/en\/wp-json\/wp\/v2\/comments?post=10119"}],"wp:featuredmedia":[{"embeddable":true,"href":"https:\/\/benkiautoluxurycar.com\/en\/wp-json\/wp\/v2\/media\/11931"}],"wp:attachment":[{"href":"https:\/\/benkiautoluxurycar.com\/en\/wp-json\/wp\/v2\/media?parent=10119"}],"wp:term":[{"taxonomy":"product_cat","embeddable":true,"href":"https:\/\/benkiautoluxurycar.com\/en\/wp-json\/wp\/v2\/product_cat?post=10119"},{"taxonomy":"product_tag","embeddable":true,"href":"https:\/\/benkiautoluxurycar.com\/en\/wp-json\/wp\/v2\/product_tag?post=10119"}],"curies":[{"name":"wp","href":"https:\/\/api.w.org\/{rel}","templated":true}]}}