{"id":10121,"date":"2015-10-13T08:01:50","date_gmt":"2015-10-13T08:01:50","guid":{"rendered":"http:\/\/localhost\/~kharissulistiyo\/wpwp\/dev\/4.3\/?post_type=product&#038;p=10121"},"modified":"2024-04-12T18:16:21","modified_gmt":"2024-04-12T18:16:21","slug":"huyndai-accent-manuel-diesel","status":"publish","type":"product","link":"https:\/\/benkiautoluxurycar.com\/en\/product\/huyndai-accent-manuel-diesel\/","title":{"rendered":"Huyndai Accent Diesel"},"content":{"rendered":"<p>\u00ab\u00a0D\u00e9couvrez la Hyundai Accent Diesel : une voiture compacte et \u00e9conome en carburant, parfaite pour vos d\u00e9placements quotidiens. Avec son design \u00e9l\u00e9gant, ses caract\u00e9ristiques de s\u00e9curit\u00e9 avanc\u00e9es et sa conduite fluide, l&rsquo;Accent Diesel offre un m\u00e9lange parfait de style et de fonctionnalit\u00e9. Louez-la d\u00e8s maintenant pour une exp\u00e9rience de conduite confortable et \u00e9conomique.\u00a0\u00bb<\/p>","protected":false},"excerpt":{"rendered":"<p>\u00ab\u00a0D\u00e9couvrez la Hyundai Accent Diesel : une voiture compacte et \u00e9conome en carburant, parfaite pour vos d\u00e9placements quotidiens. Avec son design \u00e9l\u00e9gant, ses caract\u00e9ristiques de s\u00e9curit\u00e9 avanc\u00e9es et sa conduite fluide, &#8230;<\/p>","protected":false},"featured_media":11922,"comment_status":"open","ping_status":"closed","template":"","meta":[],"product_cat":[149],"product_tag":[167],"_links":{"self":[{"href":"https:\/\/benkiautoluxurycar.com\/en\/wp-json\/wp\/v2\/product\/10121"}],"collection":[{"href":"https:\/\/benkiautoluxurycar.com\/en\/wp-json\/wp\/v2\/product"}],"about":[{"href":"https:\/\/benkiautoluxurycar.com\/en\/wp-json\/wp\/v2\/types\/product"}],"replies":[{"embeddable":true,"href":"https:\/\/benkiautoluxurycar.com\/en\/wp-json\/wp\/v2\/comments?post=10121"}],"wp:featuredmedia":[{"embeddable":true,"href":"https:\/\/benkiautoluxurycar.com\/en\/wp-json\/wp\/v2\/media\/11922"}],"wp:attachment":[{"href":"https:\/\/benkiautoluxurycar.com\/en\/wp-json\/wp\/v2\/media?parent=10121"}],"wp:term":[{"taxonomy":"product_cat","embeddable":true,"href":"https:\/\/benkiautoluxurycar.com\/en\/wp-json\/wp\/v2\/product_cat?post=10121"},{"taxonomy":"product_tag","embeddable":true,"href":"https:\/\/benkiautoluxurycar.com\/en\/wp-json\/wp\/v2\/product_tag?post=10121"}],"curies":[{"name":"wp","href":"https:\/\/api.w.org\/{rel}","templated":true}]}}