{"id":12051,"date":"2026-02-20T12:30:51","date_gmt":"2026-02-20T12:30:51","guid":{"rendered":"https:\/\/benkiautoluxurycar.com\/?post_type=product&#038;p=12051"},"modified":"2026-02-20T13:17:54","modified_gmt":"2026-02-20T13:17:54","slug":"touareg-v6-executive","status":"publish","type":"product","link":"https:\/\/benkiautoluxurycar.com\/en\/product\/touareg-v6-executive\/","title":{"rendered":"Touareg v6 ex\u00e9cutive"},"content":{"rendered":"<p>\u00ab\u00a0D\u00e9couvrez la Renault Clio 5 Restiyle: une voiture compacte qui allie \u00e9l\u00e9gance et efficacit\u00e9 \u00e9nerg\u00e9tique. Parfaite pour la conduite en ville gr\u00e2ce \u00e0 sa maniabilit\u00e9, elle offre \u00e9galement un confort optimal pour les trajets plus longs. Louez-la d\u00e8s aujourd&rsquo;hui pour une exp\u00e9rience de conduite fluide et \u00e9conomique.\u00a0\u00bb<\/p>","protected":false},"excerpt":{"rendered":"<p>\u00ab\u00a0D\u00e9couvrez la Renault Clio 5 Restiyle: une voiture compacte qui allie \u00e9l\u00e9gance et efficacit\u00e9 \u00e9nerg\u00e9tique. Parfaite pour la conduite en ville gr\u00e2ce \u00e0 sa maniabilit\u00e9, elle offre \u00e9galement un confort optimal pour les &#8230;<\/p>","protected":false},"featured_media":12052,"comment_status":"open","ping_status":"closed","template":"","meta":[],"product_cat":[297],"product_tag":[163],"_links":{"self":[{"href":"https:\/\/benkiautoluxurycar.com\/en\/wp-json\/wp\/v2\/product\/12051"}],"collection":[{"href":"https:\/\/benkiautoluxurycar.com\/en\/wp-json\/wp\/v2\/product"}],"about":[{"href":"https:\/\/benkiautoluxurycar.com\/en\/wp-json\/wp\/v2\/types\/product"}],"replies":[{"embeddable":true,"href":"https:\/\/benkiautoluxurycar.com\/en\/wp-json\/wp\/v2\/comments?post=12051"}],"wp:featuredmedia":[{"embeddable":true,"href":"https:\/\/benkiautoluxurycar.com\/en\/wp-json\/wp\/v2\/media\/12052"}],"wp:attachment":[{"href":"https:\/\/benkiautoluxurycar.com\/en\/wp-json\/wp\/v2\/media?parent=12051"}],"wp:term":[{"taxonomy":"product_cat","embeddable":true,"href":"https:\/\/benkiautoluxurycar.com\/en\/wp-json\/wp\/v2\/product_cat?post=12051"},{"taxonomy":"product_tag","embeddable":true,"href":"https:\/\/benkiautoluxurycar.com\/en\/wp-json\/wp\/v2\/product_tag?post=12051"}],"curies":[{"name":"wp","href":"https:\/\/api.w.org\/{rel}","templated":true}]}}